{"id":354,"date":"2023-08-07T15:42:19","date_gmt":"2023-08-07T13:42:19","guid":{"rendered":"https:\/\/cube28.nl\/?page_id=354"},"modified":"2024-07-17T13:28:28","modified_gmt":"2024-07-17T11:28:28","slug":"design","status":"publish","type":"page","link":"https:\/\/cube28.nl\/en\/design\/","title":{"rendered":"Design"},"content":{"rendered":"<div data-elementor-type=\"wp-page\" data-elementor-id=\"354\" class=\"elementor elementor-354\" data-elementor-post-type=\"page\">\n\t\t\t\t<div class=\"elementor-element elementor-element-3774245 e-flex e-con-boxed e-con e-parent\" data-id=\"3774245\" data-element_type=\"container\" data-e-type=\"container\" data-settings=\"{&quot;background_background&quot;:&quot;gradient&quot;,&quot;jet_parallax_layout_list&quot;:[]}\">\n\t\t\t\t\t<div class=\"e-con-inner\">\n\t\t<div class=\"elementor-element elementor-element-eb02b0c e-con-full e-flex e-con e-child\" data-id=\"eb02b0c\" data-element_type=\"container\" data-e-type=\"container\" data-settings=\"{&quot;jet_parallax_layout_list&quot;:[]}\">\n\t\t\t\t<\/div>\n\t\t\t\t\t<\/div>\n\t\t\t\t<\/div>\n\t\t<div class=\"elementor-element elementor-element-6e7139e e-flex e-con-boxed e-con e-parent\" data-id=\"6e7139e\" data-element_type=\"container\" data-e-type=\"container\" data-settings=\"{&quot;jet_parallax_layout_list&quot;:[]}\">\n\t\t\t\t\t<div class=\"e-con-inner\">\n\t\t<div class=\"elementor-element elementor-element-a602982 e-con-full e-flex elementor-invisible e-con e-child\" data-id=\"a602982\" data-element_type=\"container\" data-e-type=\"container\" data-settings=\"{&quot;jet_parallax_layout_list&quot;:[],&quot;animation&quot;:&quot;fadeInLeft&quot;}\">\n\t\t\t\t<div class=\"elementor-element elementor-element-670f5d5 elementor-widget__width-initial elementor-widget elementor-widget-image\" data-id=\"670f5d5\" data-element_type=\"widget\" data-e-type=\"widget\" data-widget_type=\"image.default\">\n\t\t\t\t<div class=\"elementor-widget-container\">\n\t\t\t\t\t\t\t\t\t\t\t\t\t\t\t<img fetchpriority=\"high\" decoding=\"async\" width=\"1024\" height=\"1280\" src=\"https:\/\/cube28.nl\/wp-content\/uploads\/2024\/07\/Cube28-5-2-groot.jpeg\" class=\"attachment-full size-full wp-image-1026\" alt=\"\" srcset=\"https:\/\/cube28.nl\/wp-content\/uploads\/2024\/07\/Cube28-5-2-groot.jpeg 1024w, https:\/\/cube28.nl\/wp-content\/uploads\/2024\/07\/Cube28-5-2-groot-240x300.jpeg 240w, https:\/\/cube28.nl\/wp-content\/uploads\/2024\/07\/Cube28-5-2-groot-819x1024.jpeg 819w, https:\/\/cube28.nl\/wp-content\/uploads\/2024\/07\/Cube28-5-2-groot-768x960.jpeg 768w, https:\/\/cube28.nl\/wp-content\/uploads\/2024\/07\/Cube28-5-2-groot-10x12.jpeg 10w\" sizes=\"(max-width: 1024px) 100vw, 1024px\" \/>\t\t\t\t\t\t\t\t\t\t\t\t\t\t\t<\/div>\n\t\t\t\t<\/div>\n\t\t\t\t<\/div>\n\t\t<div class=\"elementor-element elementor-element-a95a4ed e-con-full e-flex elementor-invisible e-con e-child\" data-id=\"a95a4ed\" data-element_type=\"container\" data-e-type=\"container\" data-settings=\"{&quot;jet_parallax_layout_list&quot;:[],&quot;animation&quot;:&quot;fadeInRight&quot;}\">\n\t\t\t\t<div class=\"elementor-element elementor-element-5296dd5 elementor-widget elementor-widget-heading\" data-id=\"5296dd5\" data-element_type=\"widget\" data-e-type=\"widget\" data-widget_type=\"heading.default\">\n\t\t\t\t<div class=\"elementor-widget-container\">\n\t\t\t\t\t<h2 class=\"elementor-heading-title elementor-size-default\">Collection<\/h2>\t\t\t\t<\/div>\n\t\t\t\t<\/div>\n\t\t\t\t<div class=\"elementor-element elementor-element-d44822a elementor-widget-divider--view-line elementor-widget elementor-widget-divider\" data-id=\"d44822a\" data-element_type=\"widget\" data-e-type=\"widget\" data-widget_type=\"divider.default\">\n\t\t\t\t<div class=\"elementor-widget-container\">\n\t\t\t\t\t\t\t<div class=\"elementor-divider\">\n\t\t\t<span class=\"elementor-divider-separator\">\n\t\t\t\t\t\t<\/span>\n\t\t<\/div>\n\t\t\t\t\t\t<\/div>\n\t\t\t\t<\/div>\n\t\t\t\t<div class=\"elementor-element elementor-element-69f76d4 elementor-widget elementor-widget-text-editor\" data-id=\"69f76d4\" data-element_type=\"widget\" data-e-type=\"widget\" data-widget_type=\"text-editor.default\">\n\t\t\t\t<div class=\"elementor-widget-container\">\n\t\t\t\t\t\t\t\t\t<p>The Cube28 collection is mostly comprised of design from Dutch and Italian origin, with the occasional outstanding piece from Belgium, Brazil, the Czech Republic, or Switzerland. These are all carefully selected suppliers, with whom we have usually done business for generations.\u00a0<span style=\"font-family: var( --e-global-typography-text-font-family ), Sans-serif; font-size: var( --e-global-typography-text-font-size ); font-weight: var( --e-global-typography-text-font-weight ); text-align: var(--text-align); background-color: var( --e-global-color-primary );\">Each and every one are designers we trust who create products that last. They\u2019re also part of our family.<\/span><\/p>\t\t\t\t\t\t\t\t<\/div>\n\t\t\t\t<\/div>\n\t\t\t\t<\/div>\n\t\t\t\t\t<\/div>\n\t\t\t\t<\/div>\n\t\t<div class=\"elementor-element elementor-element-38cb6587 e-flex e-con-boxed e-con e-parent\" data-id=\"38cb6587\" data-element_type=\"container\" data-e-type=\"container\" data-settings=\"{&quot;background_background&quot;:&quot;gradient&quot;,&quot;jet_parallax_layout_list&quot;:[]}\">\n\t\t\t\t\t<div class=\"e-con-inner\">\n\t\t\t\t<div class=\"elementor-element elementor-element-49bd9194 elementor-widget__width-initial elementor-invisible elementor-widget elementor-widget-heading\" data-id=\"49bd9194\" data-element_type=\"widget\" data-e-type=\"widget\" data-settings=\"{&quot;_animation&quot;:&quot;fadeInUp&quot;}\" data-widget_type=\"heading.default\">\n\t\t\t\t<div class=\"elementor-widget-container\">\n\t\t\t\t\t<h2 class=\"elementor-heading-title elementor-size-default\">Onze experts in design<\/h2>\t\t\t\t<\/div>\n\t\t\t\t<\/div>\n\t\t\t\t<div class=\"elementor-element elementor-element-9c6bbbf elementor-widget__width-initial elementor-invisible elementor-widget elementor-widget-image-gallery\" data-id=\"9c6bbbf\" data-element_type=\"widget\" data-e-type=\"widget\" data-settings=\"{&quot;_animation&quot;:&quot;fadeInUp&quot;}\" data-widget_type=\"image-gallery.default\">\n\t\t\t\t<div class=\"elementor-widget-container\">\n\t\t\t\t\t\t\t<div class=\"elementor-image-gallery\">\n\t\t\t<div id='gallery-1' class='gallery galleryid-354 gallery-columns-5 gallery-size-full'><figure class='gallery-item'>\n\t\t\t<div class='gallery-icon landscape'>\n\t\t\t\t<img decoding=\"async\" width=\"218\" height=\"118\" src=\"https:\/\/cube28.nl\/wp-content\/uploads\/2023\/08\/beek-2.png\" class=\"attachment-full size-full\" alt=\"Cube28 | Interieurdesign Maastricht | Meubelzaak Maastricht\" \/>\n\t\t\t<\/div><\/figure><figure class='gallery-item'>\n\t\t\t<div class='gallery-icon landscape'>\n\t\t\t\t<img decoding=\"async\" width=\"218\" height=\"118\" src=\"https:\/\/cube28.nl\/wp-content\/uploads\/2023\/08\/cattelan-italia-2.png\" class=\"attachment-full size-full\" alt=\"Cube28 | Interieurdesign Maastricht | Meubelzaak Maastricht\" \/>\n\t\t\t<\/div><\/figure><figure class='gallery-item'>\n\t\t\t<div class='gallery-icon landscape'>\n\t\t\t\t<img loading=\"lazy\" decoding=\"async\" width=\"218\" height=\"118\" src=\"https:\/\/cube28.nl\/wp-content\/uploads\/2023\/08\/bosa-star-1.png\" class=\"attachment-full size-full\" alt=\"Cube28 | Interieurdesign Maastricht | Meubelzaak Maastricht\" \/>\n\t\t\t<\/div><\/figure><figure class='gallery-item'>\n\t\t\t<div class='gallery-icon landscape'>\n\t\t\t\t<img loading=\"lazy\" decoding=\"async\" width=\"278\" height=\"150\" src=\"https:\/\/cube28.nl\/wp-content\/uploads\/2023\/08\/Logo_Flou-copy-1.png\" class=\"attachment-full size-full\" alt=\"Cube28 | Interieurdesign Maastricht | Meubelzaak Maastricht\" \/>\n\t\t\t<\/div><\/figure><figure class='gallery-item'>\n\t\t\t<div class='gallery-icon landscape'>\n\t\t\t\t<img loading=\"lazy\" decoding=\"async\" width=\"218\" height=\"118\" src=\"https:\/\/cube28.nl\/wp-content\/uploads\/2023\/08\/castelijn-2.png\" class=\"attachment-full size-full\" alt=\"Cube28 | Interieurdesign Maastricht | Meubelzaak Maastricht\" \/>\n\t\t\t<\/div><\/figure><figure class='gallery-item'>\n\t\t\t<div class='gallery-icon landscape'>\n\t\t\t\t<img loading=\"lazy\" decoding=\"async\" width=\"218\" height=\"118\" src=\"https:\/\/cube28.nl\/wp-content\/uploads\/2023\/08\/Millenerpoort-1-1.png\" class=\"attachment-full size-full\" alt=\"Cube28 | Interieurdesign Maastricht | Meubelzaak Maastricht\" \/>\n\t\t\t<\/div><\/figure><figure class='gallery-item'>\n\t\t\t<div class='gallery-icon landscape'>\n\t\t\t\t<img loading=\"lazy\" decoding=\"async\" width=\"218\" height=\"118\" src=\"https:\/\/cube28.nl\/wp-content\/uploads\/2023\/08\/bomma-1.png\" class=\"attachment-full size-full\" alt=\"Cube28 | Interieurdesign Maastricht | Meubelzaak Maastricht\" \/>\n\t\t\t<\/div><\/figure><figure class='gallery-item'>\n\t\t\t<div class='gallery-icon landscape'>\n\t\t\t\t<img loading=\"lazy\" decoding=\"async\" width=\"218\" height=\"118\" src=\"https:\/\/cube28.nl\/wp-content\/uploads\/2023\/08\/label-van-den-berg-1.png\" class=\"attachment-full size-full\" alt=\"Cube28 | Interieurdesign Maastricht | Meubelzaak Maastricht\" \/>\n\t\t\t<\/div><\/figure><figure class='gallery-item'>\n\t\t\t<div class='gallery-icon landscape'>\n\t\t\t\t<img loading=\"lazy\" decoding=\"async\" width=\"218\" height=\"118\" src=\"https:\/\/cube28.nl\/wp-content\/uploads\/2023\/08\/kristalia-1.png\" class=\"attachment-full size-full\" alt=\"Cube28 | Interieurdesign Maastricht | Meubelzaak Maastricht\" \/>\n\t\t\t<\/div><\/figure><figure class='gallery-item'>\n\t\t\t<div class='gallery-icon landscape'>\n\t\t\t\t<img loading=\"lazy\" decoding=\"async\" width=\"218\" height=\"118\" src=\"https:\/\/cube28.nl\/wp-content\/uploads\/2023\/08\/Aventura-1.png\" class=\"attachment-full size-full\" alt=\"Cube28 | Interieurdesign Maastricht | Meubelzaak Maastricht\" \/>\n\t\t\t<\/div><\/figure><figure class='gallery-item'>\n\t\t\t<div class='gallery-icon landscape'>\n\t\t\t\t<img loading=\"lazy\" decoding=\"async\" width=\"218\" height=\"118\" src=\"https:\/\/cube28.nl\/wp-content\/uploads\/2023\/08\/Molinari-2.png\" class=\"attachment-full size-full\" alt=\"Cube28 | Interieurdesign Maastricht | Meubelzaak Maastricht\" \/>\n\t\t\t<\/div><\/figure><figure class='gallery-item'>\n\t\t\t<div class='gallery-icon landscape'>\n\t\t\t\t<img loading=\"lazy\" decoding=\"async\" width=\"218\" height=\"118\" src=\"https:\/\/cube28.nl\/wp-content\/uploads\/2023\/08\/masiero-2.png\" class=\"attachment-full size-full\" alt=\"Cube28 | Interieurdesign Maastricht | Meubelzaak Maastricht\" \/>\n\t\t\t<\/div><\/figure><figure class='gallery-item'>\n\t\t\t<div class='gallery-icon landscape'>\n\t\t\t\t<img loading=\"lazy\" decoding=\"async\" width=\"218\" height=\"118\" src=\"https:\/\/cube28.nl\/wp-content\/uploads\/2023\/08\/desede-switzerland-1.png\" class=\"attachment-full size-full\" alt=\"Cube28 | Interieurdesign Maastricht | Meubelzaak Maastricht\" \/>\n\t\t\t<\/div><\/figure>\n\t\t<\/div>\n\t\t<\/div>\n\t\t\t\t\t\t<\/div>\n\t\t\t\t<\/div>\n\t\t\t\t\t<\/div>\n\t\t\t\t<\/div>\n\t\t\t\t<\/div>","protected":false},"excerpt":{"rendered":"<p>Collectie In de collectie van Cube28 vind je met name design van Nederlandse en Italiaanse bodem, af en toe een parel uit Belgi\u00eb, Brazili\u00eb, Tsjechi\u00eb of Zwitserland. Zorgvuldig geselecteerde leveranciers, waar we in de meeste gevallen al generaties lang mee samenwerken.\u00a0Stuk voor stuk ontwerpers die we vertrouwen en producten die blijven. Ook zij zijn onderdeel [&hellip;]<\/p>\n","protected":false},"author":1,"featured_media":0,"parent":0,"menu_order":0,"comment_status":"closed","ping_status":"closed","template":"","meta":{"_mo_disable_npp":"","footnotes":""},"class_list":["post-354","page","type-page","status-publish","hentry"],"_links":{"self":[{"href":"https:\/\/cube28.nl\/en\/wp-json\/wp\/v2\/pages\/354","targetHints":{"allow":["GET"]}}],"collection":[{"href":"https:\/\/cube28.nl\/en\/wp-json\/wp\/v2\/pages"}],"about":[{"href":"https:\/\/cube28.nl\/en\/wp-json\/wp\/v2\/types\/page"}],"author":[{"embeddable":true,"href":"https:\/\/cube28.nl\/en\/wp-json\/wp\/v2\/users\/1"}],"replies":[{"embeddable":true,"href":"https:\/\/cube28.nl\/en\/wp-json\/wp\/v2\/comments?post=354"}],"version-history":[{"count":5,"href":"https:\/\/cube28.nl\/en\/wp-json\/wp\/v2\/pages\/354\/revisions"}],"predecessor-version":[{"id":1053,"href":"https:\/\/cube28.nl\/en\/wp-json\/wp\/v2\/pages\/354\/revisions\/1053"}],"wp:attachment":[{"href":"https:\/\/cube28.nl\/en\/wp-json\/wp\/v2\/media?parent=354"}],"curies":[{"name":"wp","href":"https:\/\/api.w.org\/{rel}","templated":true}]}}